{"id":2687,"date":"2021-09-15T07:21:33","date_gmt":"2021-09-15T07:21:33","guid":{"rendered":"https:\/\/beneficencialambayeque.com\/?page_id=2687"},"modified":"2021-09-28T05:22:43","modified_gmt":"2021-09-28T05:22:43","slug":"inmuebles-sbl","status":"publish","type":"page","link":"https:\/\/beneficencialambayeque.com\/index.php\/inmuebles-sbl\/","title":{"rendered":"Inmuebles SBL"},"content":{"rendered":"\t\t<div data-elementor-type=\"wp-post\" data-elementor-id=\"2687\" class=\"elementor elementor-2687\">\n\t\t\t\t\t\t<section class=\"elementor-section elementor-top-section elementor-element elementor-element-62c6e8cb elementor-section-content-middle elementor-section-boxed elementor-section-height-default elementor-section-height-default\" data-id=\"62c6e8cb\" data-element_type=\"section\" data-settings=\"{&quot;background_background&quot;:&quot;classic&quot;}\">\n\t\t\t\t\t\t\t<div class=\"elementor-background-overlay\"><\/div>\n\t\t\t\t\t\t\t<div class=\"elementor-container elementor-column-gap-wide\">\n\t\t\t\t\t<div class=\"elementor-column elementor-col-100 elementor-top-column elementor-element elementor-element-1adcf773\" data-id=\"1adcf773\" data-element_type=\"column\">\n\t\t\t<div class=\"elementor-widget-wrap elementor-element-populated\">\n\t\t\t\t\t\t<div class=\"elementor-element elementor-element-76958e2 elementor-widget elementor-widget-image\" data-id=\"76958e2\" data-element_type=\"widget\" data-widget_type=\"image.default\">\n\t\t\t\t<div class=\"elementor-widget-container\">\n\t\t\t\t\t\t\t\t\t\t\t\t\t\t\t<img fetchpriority=\"high\" decoding=\"async\" width=\"1024\" height=\"341\" src=\"https:\/\/beneficencialambayeque.com\/wp-content\/uploads\/2021\/09\/Inmuebles-SBL-blanco.svg\" class=\"attachment-large size-large wp-image-2585\" alt=\"\" \/>\t\t\t\t\t\t\t\t\t\t\t\t\t\t\t<\/div>\n\t\t\t\t<\/div>\n\t\t\t\t\t<\/div>\n\t\t<\/div>\n\t\t\t\t\t<\/div>\n\t\t<\/section>\n\t\t\t\t<section class=\"elementor-section elementor-top-section elementor-element elementor-element-eeo4ct8 elementor-section-content-top elementor-section-boxed elementor-section-height-default elementor-section-height-default\" data-id=\"eeo4ct8\" data-element_type=\"section\" data-settings=\"{&quot;background_background&quot;:&quot;classic&quot;}\">\n\t\t\t\t\t\t\t<div class=\"elementor-background-overlay\"><\/div>\n\t\t\t\t\t\t\t<div class=\"elementor-container elementor-column-gap-no\">\n\t\t\t\t\t<div class=\"elementor-column elementor-col-100 elementor-top-column elementor-element elementor-element-5312e3d\" data-id=\"5312e3d\" data-element_type=\"column\">\n\t\t\t<div class=\"elementor-widget-wrap elementor-element-populated\">\n\t\t\t\t\t\t<div class=\"elementor-element elementor-element-d14f9db elementor-widget elementor-widget-heading\" data-id=\"d14f9db\" data-element_type=\"widget\" data-widget_type=\"heading.default\">\n\t\t\t\t<div class=\"elementor-widget-container\">\n\t\t\t\t\t<h2 class=\"elementor-heading-title elementor-size-default\">Alquiler de inmuebles<\/h2>\t\t\t\t<\/div>\n\t\t\t\t<\/div>\n\t\t\t\t<div class=\"elementor-element elementor-element-35b8671 elementor-widget-divider--view-line elementor-widget elementor-widget-divider\" data-id=\"35b8671\" data-element_type=\"widget\" data-widget_type=\"divider.default\">\n\t\t\t\t<div class=\"elementor-widget-container\">\n\t\t\t\t\t\t\t<div class=\"elementor-divider\">\n\t\t\t<span class=\"elementor-divider-separator\">\n\t\t\t\t\t\t<\/span>\n\t\t<\/div>\n\t\t\t\t\t\t<\/div>\n\t\t\t\t<\/div>\n\t\t\t\t<div class=\"elementor-element elementor-element-6c8354a elementor-widget elementor-widget-text-editor\" data-id=\"6c8354a\" data-element_type=\"widget\" data-widget_type=\"text-editor.default\">\n\t\t\t\t<div class=\"elementor-widget-container\">\n\t\t\t\t\t\t\t\t\t<p>La Sociedad de Beneficencia de Lambayeque cuenta con un n\u00famero considerable de inmuebles para su arrendamiento, encontr\u00e1ndose \u00e9stas en pleno centro de la Ciudad Evocadora.<\/p>\t\t\t\t\t\t\t\t<\/div>\n\t\t\t\t<\/div>\n\t\t\t\t\t<\/div>\n\t\t<\/div>\n\t\t\t\t\t<\/div>\n\t\t<\/section>\n\t\t\t\t<section class=\"elementor-section elementor-top-section elementor-element elementor-element-t7bnqxv elementor-section-content-top elementor-section-boxed elementor-section-height-default elementor-section-height-default\" data-id=\"t7bnqxv\" data-element_type=\"section\" data-settings=\"{&quot;background_background&quot;:&quot;classic&quot;}\">\n\t\t\t\t\t\t\t<div class=\"elementor-background-overlay\"><\/div>\n\t\t\t\t\t\t\t<div class=\"elementor-container elementor-column-gap-no\">\n\t\t\t\t\t<div class=\"elementor-column elementor-col-50 elementor-top-column elementor-element elementor-element-dae59b1\" data-id=\"dae59b1\" data-element_type=\"column\">\n\t\t\t<div class=\"elementor-widget-wrap elementor-element-populated\">\n\t\t\t\t\t\t<div class=\"elementor-element elementor-element-59109b5 elementor-widget elementor-widget-heading\" data-id=\"59109b5\" data-element_type=\"widget\" data-widget_type=\"heading.default\">\n\t\t\t\t<div class=\"elementor-widget-container\">\n\t\t\t\t\t<h3 class=\"elementor-heading-title elementor-size-default\">Informes<\/h3>\t\t\t\t<\/div>\n\t\t\t\t<\/div>\n\t\t\t\t<div class=\"elementor-element elementor-element-c163e08 elementor-widget elementor-widget-text-editor\" data-id=\"c163e08\" data-element_type=\"widget\" data-widget_type=\"text-editor.default\">\n\t\t\t\t<div class=\"elementor-widget-container\">\n\t\t\t\t\t\t\t\t\t<p>(074) 212645<\/p>\t\t\t\t\t\t\t\t<\/div>\n\t\t\t\t<\/div>\n\t\t\t\t\t<\/div>\n\t\t<\/div>\n\t\t\t\t<div class=\"elementor-column elementor-col-50 elementor-top-column elementor-element elementor-element-9baa88d\" data-id=\"9baa88d\" data-element_type=\"column\">\n\t\t\t<div class=\"elementor-widget-wrap elementor-element-populated\">\n\t\t\t\t\t\t<div class=\"elementor-element elementor-element-2093cce elementor-widget elementor-widget-heading\" data-id=\"2093cce\" data-element_type=\"widget\" data-widget_type=\"heading.default\">\n\t\t\t\t<div class=\"elementor-widget-container\">\n\t\t\t\t\t<h3 class=\"elementor-heading-title elementor-size-default\">Direcci\u00f3n<\/h3>\t\t\t\t<\/div>\n\t\t\t\t<\/div>\n\t\t\t\t<div class=\"elementor-element elementor-element-a8f7aa2 elementor-widget elementor-widget-text-editor\" data-id=\"a8f7aa2\" data-element_type=\"widget\" data-widget_type=\"text-editor.default\">\n\t\t\t\t<div class=\"elementor-widget-container\">\n\t\t\t\t\t\t\t\t\t<p>Calle Atahualpa N\u00b0 320 \u2013 Lambayeque<\/p>\t\t\t\t\t\t\t\t<\/div>\n\t\t\t\t<\/div>\n\t\t\t\t\t<\/div>\n\t\t<\/div>\n\t\t\t\t\t<\/div>\n\t\t<\/section>\n\t\t\t\t<section class=\"elementor-section elementor-top-section elementor-element elementor-element-fda6b3b elementor-section-content-middle elementor-reverse-mobile elementor-section-boxed elementor-section-height-default elementor-section-height-default\" data-id=\"fda6b3b\" data-element_type=\"section\" data-settings=\"{&quot;background_background&quot;:&quot;classic&quot;}\">\n\t\t\t\t\t\t\t<div class=\"elementor-background-overlay\"><\/div>\n\t\t\t\t\t\t\t<div class=\"elementor-container elementor-column-gap-default\">\n\t\t\t\t\t<div class=\"elementor-column elementor-col-100 elementor-top-column elementor-element elementor-element-c63ea9b\" data-id=\"c63ea9b\" data-element_type=\"column\">\n\t\t\t<div class=\"elementor-widget-wrap elementor-element-populated\">\n\t\t\t\t\t\t<div class=\"elementor-element elementor-element-b6ee491 elementor-view-default elementor-widget elementor-widget-icon\" data-id=\"b6ee491\" data-element_type=\"widget\" data-widget_type=\"icon.default\">\n\t\t\t\t<div class=\"elementor-widget-container\">\n\t\t\t\t\t\t\t<div class=\"elementor-icon-wrapper\">\n\t\t\t<div class=\"elementor-icon\">\n\t\t\t<i aria-hidden=\"true\" class=\"fas fa-home\"><\/i>\t\t\t<\/div>\n\t\t<\/div>\n\t\t\t\t\t\t<\/div>\n\t\t\t\t<\/div>\n\t\t\t\t<div class=\"elementor-element elementor-element-c788cd3 elementor-widget elementor-widget-text-editor\" data-id=\"c788cd3\" data-element_type=\"widget\" data-widget_type=\"text-editor.default\">\n\t\t\t\t<div class=\"elementor-widget-container\">\n\t\t\t\t\t\t\t\t\t<p><b>Horario de atenci\u00f3n:<\/b> Lunes a viernes de 08:00 a.m. hasta la 01:00 p.m.<\/p>\t\t\t\t\t\t\t\t<\/div>\n\t\t\t\t<\/div>\n\t\t\t\t<div class=\"elementor-element elementor-element-dc1a71e elementor-align-center elementor-widget elementor-widget-button\" data-id=\"dc1a71e\" data-element_type=\"widget\" data-widget_type=\"button.default\">\n\t\t\t\t<div class=\"elementor-widget-container\">\n\t\t\t\t\t\t\t\t\t<div class=\"elementor-button-wrapper\">\n\t\t\t\t\t<a class=\"elementor-button elementor-button-link elementor-size-sm\" href=\"https:\/\/wa.link\/szprm4\" target=\"_blank\">\n\t\t\t\t\t\t<span class=\"elementor-button-content-wrapper\">\n\t\t\t\t\t\t\t\t\t<span class=\"elementor-button-text\">M\u00e1s informaci\u00f3n<\/span>\n\t\t\t\t\t<\/span>\n\t\t\t\t\t<\/a>\n\t\t\t\t<\/div>\n\t\t\t\t\t\t\t\t<\/div>\n\t\t\t\t<\/div>\n\t\t\t\t\t<\/div>\n\t\t<\/div>\n\t\t\t\t\t<\/div>\n\t\t<\/section>\n\t\t\t\t<\/div>\n\t\t","protected":false},"excerpt":{"rendered":"<p>Alquiler de inmuebles La Sociedad de Beneficencia de Lambayeque cuenta con un n\u00famero considerable de inmuebles para su arrendamiento, encontr\u00e1ndose \u00e9stas en pleno centro de la Ciudad Evocadora. Informes (074) 212645 Direcci\u00f3n Calle Atahualpa N\u00b0 320 \u2013 Lambayeque Horario de atenci\u00f3n: Lunes a viernes de 08:00 a.m. hasta la 01:00 p.m. M\u00e1s informaci\u00f3n<\/p>\n","protected":false},"author":1,"featured_media":2307,"parent":0,"menu_order":0,"comment_status":"closed","ping_status":"closed","template":"","meta":{"site-sidebar-layout":"no-sidebar","site-content-layout":"page-builder","ast-site-content-layout":"default","site-content-style":"default","site-sidebar-style":"default","ast-global-header-display":"","ast-banner-title-visibility":"","ast-main-header-display":"","ast-hfb-above-header-display":"","ast-hfb-below-header-display":"","ast-hfb-mobile-header-display":"","site-post-title":"disabled","ast-breadcrumbs-content":"","ast-featured-img":"disabled","footer-sml-layout":"","theme-transparent-header-meta":"default","adv-header-id-meta":"","stick-header-meta":"","header-above-stick-meta":"","header-main-stick-meta":"","header-below-stick-meta":"","astra-migrate-meta-layouts":"default","ast-page-background-enabled":"default","ast-page-background-meta":{"desktop":{"background-color":"","background-image":"","background-repeat":"repeat","background-position":"center center","background-size":"auto","background-attachment":"scroll","background-type":"","background-media":"","overlay-type":"","overlay-color":"","overlay-opacity":"","overlay-gradient":""},"tablet":{"background-color":"","background-image":"","background-repeat":"repeat","background-position":"center center","background-size":"auto","background-attachment":"scroll","background-type":"","background-media":"","overlay-type":"","overlay-color":"","overlay-opacity":"","overlay-gradient":""},"mobile":{"background-color":"","background-image":"","background-repeat":"repeat","background-position":"center center","background-size":"auto","background-attachment":"scroll","background-type":"","background-media":"","overlay-type":"","overlay-color":"","overlay-opacity":"","overlay-gradient":""}},"ast-content-background-meta":{"desktop":{"background-color":"var(--ast-global-color-5)","background-image":"","background-repeat":"repeat","background-position":"center center","background-size":"auto","background-attachment":"scroll","background-type":"","background-media":"","overlay-type":"","overlay-color":"","overlay-opacity":"","overlay-gradient":""},"tablet":{"background-color":"var(--ast-global-color-5)","background-image":"","background-repeat":"repeat","background-position":"center center","background-size":"auto","background-attachment":"scroll","background-type":"","background-media":"","overlay-type":"","overlay-color":"","overlay-opacity":"","overlay-gradient":""},"mobile":{"background-color":"var(--ast-global-color-5)","background-image":"","background-repeat":"repeat","background-position":"center center","background-size":"auto","background-attachment":"scroll","background-type":"","background-media":"","overlay-type":"","overlay-color":"","overlay-opacity":"","overlay-gradient":""}},"footnotes":""},"class_list":["post-2687","page","type-page","status-publish","has-post-thumbnail","hentry"],"yoast_head":"<!-- This site is optimized with the Yoast SEO plugin v26.0 - https:\/\/yoast.com\/wordpress\/plugins\/seo\/ -->\n<title>Inmuebles SBL - Sociedad de Beneficencia de Lambayeque<\/title>\n<meta name=\"robots\" content=\"index, follow, max-snippet:-1, max-image-preview:large, max-video-preview:-1\" \/>\n<link rel=\"canonical\" href=\"https:\/\/beneficencialambayeque.com\/index.php\/inmuebles-sbl\/\" \/>\n<meta property=\"og:locale\" content=\"es_ES\" \/>\n<meta property=\"og:type\" content=\"article\" \/>\n<meta property=\"og:title\" content=\"Inmuebles SBL - Sociedad de Beneficencia de Lambayeque\" \/>\n<meta property=\"og:description\" content=\"Alquiler de inmuebles La Sociedad de Beneficencia de Lambayeque cuenta con un n\u00famero considerable de inmuebles para su arrendamiento, encontr\u00e1ndose \u00e9stas en pleno centro de la Ciudad Evocadora. Informes (074) 212645 Direcci\u00f3n Calle Atahualpa N\u00b0 320 \u2013 Lambayeque Horario de atenci\u00f3n: Lunes a viernes de 08:00 a.m. hasta la 01:00 p.m. M\u00e1s informaci\u00f3n\" \/>\n<meta property=\"og:url\" content=\"https:\/\/beneficencialambayeque.com\/index.php\/inmuebles-sbl\/\" \/>\n<meta property=\"og:site_name\" content=\"Sociedad de Beneficencia de Lambayeque\" \/>\n<meta property=\"article:publisher\" content=\"https:\/\/www.facebook.com\/BeneficenciaLambayeque\/?ref=pages_you_manage\" \/>\n<meta property=\"article:modified_time\" content=\"2021-09-28T05:22:43+00:00\" \/>\n<meta property=\"og:image\" content=\"https:\/\/beneficencialambayeque.com\/wp-content\/uploads\/2021\/09\/Inmuebles-SBL.jpg\" \/>\n\t<meta property=\"og:image:width\" content=\"691\" \/>\n\t<meta property=\"og:image:height\" content=\"461\" \/>\n\t<meta property=\"og:image:type\" content=\"image\/jpeg\" \/>\n<meta name=\"twitter:card\" content=\"summary_large_image\" \/>\n<meta name=\"twitter:label1\" content=\"Tiempo de lectura\" \/>\n\t<meta name=\"twitter:data1\" content=\"1 minuto\" \/>\n<script type=\"application\/ld+json\" class=\"yoast-schema-graph\">{\"@context\":\"https:\/\/schema.org\",\"@graph\":[{\"@type\":\"WebPage\",\"@id\":\"https:\/\/beneficencialambayeque.com\/index.php\/inmuebles-sbl\/\",\"url\":\"https:\/\/beneficencialambayeque.com\/index.php\/inmuebles-sbl\/\",\"name\":\"Inmuebles SBL - Sociedad de Beneficencia de Lambayeque\",\"isPartOf\":{\"@id\":\"https:\/\/beneficencialambayeque.com\/#website\"},\"primaryImageOfPage\":{\"@id\":\"https:\/\/beneficencialambayeque.com\/index.php\/inmuebles-sbl\/#primaryimage\"},\"image\":{\"@id\":\"https:\/\/beneficencialambayeque.com\/index.php\/inmuebles-sbl\/#primaryimage\"},\"thumbnailUrl\":\"https:\/\/beneficencialambayeque.com\/wp-content\/uploads\/2021\/09\/Inmuebles-SBL.jpg\",\"datePublished\":\"2021-09-15T07:21:33+00:00\",\"dateModified\":\"2021-09-28T05:22:43+00:00\",\"breadcrumb\":{\"@id\":\"https:\/\/beneficencialambayeque.com\/index.php\/inmuebles-sbl\/#breadcrumb\"},\"inLanguage\":\"es\",\"potentialAction\":[{\"@type\":\"ReadAction\",\"target\":[\"https:\/\/beneficencialambayeque.com\/index.php\/inmuebles-sbl\/\"]}]},{\"@type\":\"ImageObject\",\"inLanguage\":\"es\",\"@id\":\"https:\/\/beneficencialambayeque.com\/index.php\/inmuebles-sbl\/#primaryimage\",\"url\":\"https:\/\/beneficencialambayeque.com\/wp-content\/uploads\/2021\/09\/Inmuebles-SBL.jpg\",\"contentUrl\":\"https:\/\/beneficencialambayeque.com\/wp-content\/uploads\/2021\/09\/Inmuebles-SBL.jpg\",\"width\":691,\"height\":461},{\"@type\":\"BreadcrumbList\",\"@id\":\"https:\/\/beneficencialambayeque.com\/index.php\/inmuebles-sbl\/#breadcrumb\",\"itemListElement\":[{\"@type\":\"ListItem\",\"position\":1,\"name\":\"Portada\",\"item\":\"https:\/\/beneficencialambayeque.com\/\"},{\"@type\":\"ListItem\",\"position\":2,\"name\":\"Inmuebles SBL\"}]},{\"@type\":\"WebSite\",\"@id\":\"https:\/\/beneficencialambayeque.com\/#website\",\"url\":\"https:\/\/beneficencialambayeque.com\/\",\"name\":\"Sociedad de Beneficencia de Lambayeque\",\"description\":\"Somos una entidad del sector p\u00fablico descentralizado y aut\u00f3nomo que brinda asistencia social y ayuda a la poblaci\u00f3n en riesgo de la regi\u00f3n de Lambayeque.\",\"publisher\":{\"@id\":\"https:\/\/beneficencialambayeque.com\/#organization\"},\"potentialAction\":[{\"@type\":\"SearchAction\",\"target\":{\"@type\":\"EntryPoint\",\"urlTemplate\":\"https:\/\/beneficencialambayeque.com\/?s={search_term_string}\"},\"query-input\":{\"@type\":\"PropertyValueSpecification\",\"valueRequired\":true,\"valueName\":\"search_term_string\"}}],\"inLanguage\":\"es\"},{\"@type\":\"Organization\",\"@id\":\"https:\/\/beneficencialambayeque.com\/#organization\",\"name\":\"Sociedad de Beneficencia de Lambayeque\",\"url\":\"https:\/\/beneficencialambayeque.com\/\",\"logo\":{\"@type\":\"ImageObject\",\"inLanguage\":\"es\",\"@id\":\"https:\/\/beneficencialambayeque.com\/#\/schema\/logo\/image\/\",\"url\":\"https:\/\/beneficencialambayeque.com\/wp-content\/uploads\/2021\/09\/Logo-Beneficencia-de-Lambayeque.svg\",\"contentUrl\":\"https:\/\/beneficencialambayeque.com\/wp-content\/uploads\/2021\/09\/Logo-Beneficencia-de-Lambayeque.svg\",\"width\":1200,\"height\":350,\"caption\":\"Sociedad de Beneficencia de Lambayeque\"},\"image\":{\"@id\":\"https:\/\/beneficencialambayeque.com\/#\/schema\/logo\/image\/\"},\"sameAs\":[\"https:\/\/www.facebook.com\/BeneficenciaLambayeque\/?ref=pages_you_manage\",\"https:\/\/www.instagram.com\/beneficencialambayeque\/\"]}]}<\/script>\n<!-- \/ Yoast SEO plugin. -->","yoast_head_json":{"title":"Inmuebles SBL - Sociedad de Beneficencia de Lambayeque","robots":{"index":"index","follow":"follow","max-snippet":"max-snippet:-1","max-image-preview":"max-image-preview:large","max-video-preview":"max-video-preview:-1"},"canonical":"https:\/\/beneficencialambayeque.com\/index.php\/inmuebles-sbl\/","og_locale":"es_ES","og_type":"article","og_title":"Inmuebles SBL - Sociedad de Beneficencia de Lambayeque","og_description":"Alquiler de inmuebles La Sociedad de Beneficencia de Lambayeque cuenta con un n\u00famero considerable de inmuebles para su arrendamiento, encontr\u00e1ndose \u00e9stas en pleno centro de la Ciudad Evocadora. Informes (074) 212645 Direcci\u00f3n Calle Atahualpa N\u00b0 320 \u2013 Lambayeque Horario de atenci\u00f3n: Lunes a viernes de 08:00 a.m. hasta la 01:00 p.m. M\u00e1s informaci\u00f3n","og_url":"https:\/\/beneficencialambayeque.com\/index.php\/inmuebles-sbl\/","og_site_name":"Sociedad de Beneficencia de Lambayeque","article_publisher":"https:\/\/www.facebook.com\/BeneficenciaLambayeque\/?ref=pages_you_manage","article_modified_time":"2021-09-28T05:22:43+00:00","og_image":[{"width":691,"height":461,"url":"https:\/\/beneficencialambayeque.com\/wp-content\/uploads\/2021\/09\/Inmuebles-SBL.jpg","type":"image\/jpeg"}],"twitter_card":"summary_large_image","twitter_misc":{"Tiempo de lectura":"1 minuto"},"schema":{"@context":"https:\/\/schema.org","@graph":[{"@type":"WebPage","@id":"https:\/\/beneficencialambayeque.com\/index.php\/inmuebles-sbl\/","url":"https:\/\/beneficencialambayeque.com\/index.php\/inmuebles-sbl\/","name":"Inmuebles SBL - Sociedad de Beneficencia de Lambayeque","isPartOf":{"@id":"https:\/\/beneficencialambayeque.com\/#website"},"primaryImageOfPage":{"@id":"https:\/\/beneficencialambayeque.com\/index.php\/inmuebles-sbl\/#primaryimage"},"image":{"@id":"https:\/\/beneficencialambayeque.com\/index.php\/inmuebles-sbl\/#primaryimage"},"thumbnailUrl":"https:\/\/beneficencialambayeque.com\/wp-content\/uploads\/2021\/09\/Inmuebles-SBL.jpg","datePublished":"2021-09-15T07:21:33+00:00","dateModified":"2021-09-28T05:22:43+00:00","breadcrumb":{"@id":"https:\/\/beneficencialambayeque.com\/index.php\/inmuebles-sbl\/#breadcrumb"},"inLanguage":"es","potentialAction":[{"@type":"ReadAction","target":["https:\/\/beneficencialambayeque.com\/index.php\/inmuebles-sbl\/"]}]},{"@type":"ImageObject","inLanguage":"es","@id":"https:\/\/beneficencialambayeque.com\/index.php\/inmuebles-sbl\/#primaryimage","url":"https:\/\/beneficencialambayeque.com\/wp-content\/uploads\/2021\/09\/Inmuebles-SBL.jpg","contentUrl":"https:\/\/beneficencialambayeque.com\/wp-content\/uploads\/2021\/09\/Inmuebles-SBL.jpg","width":691,"height":461},{"@type":"BreadcrumbList","@id":"https:\/\/beneficencialambayeque.com\/index.php\/inmuebles-sbl\/#breadcrumb","itemListElement":[{"@type":"ListItem","position":1,"name":"Portada","item":"https:\/\/beneficencialambayeque.com\/"},{"@type":"ListItem","position":2,"name":"Inmuebles SBL"}]},{"@type":"WebSite","@id":"https:\/\/beneficencialambayeque.com\/#website","url":"https:\/\/beneficencialambayeque.com\/","name":"Sociedad de Beneficencia de Lambayeque","description":"Somos una entidad del sector p\u00fablico descentralizado y aut\u00f3nomo que brinda asistencia social y ayuda a la poblaci\u00f3n en riesgo de la regi\u00f3n de Lambayeque.","publisher":{"@id":"https:\/\/beneficencialambayeque.com\/#organization"},"potentialAction":[{"@type":"SearchAction","target":{"@type":"EntryPoint","urlTemplate":"https:\/\/beneficencialambayeque.com\/?s={search_term_string}"},"query-input":{"@type":"PropertyValueSpecification","valueRequired":true,"valueName":"search_term_string"}}],"inLanguage":"es"},{"@type":"Organization","@id":"https:\/\/beneficencialambayeque.com\/#organization","name":"Sociedad de Beneficencia de Lambayeque","url":"https:\/\/beneficencialambayeque.com\/","logo":{"@type":"ImageObject","inLanguage":"es","@id":"https:\/\/beneficencialambayeque.com\/#\/schema\/logo\/image\/","url":"https:\/\/beneficencialambayeque.com\/wp-content\/uploads\/2021\/09\/Logo-Beneficencia-de-Lambayeque.svg","contentUrl":"https:\/\/beneficencialambayeque.com\/wp-content\/uploads\/2021\/09\/Logo-Beneficencia-de-Lambayeque.svg","width":1200,"height":350,"caption":"Sociedad de Beneficencia de Lambayeque"},"image":{"@id":"https:\/\/beneficencialambayeque.com\/#\/schema\/logo\/image\/"},"sameAs":["https:\/\/www.facebook.com\/BeneficenciaLambayeque\/?ref=pages_you_manage","https:\/\/www.instagram.com\/beneficencialambayeque\/"]}]}},"_links":{"self":[{"href":"https:\/\/beneficencialambayeque.com\/index.php\/wp-json\/wp\/v2\/pages\/2687","targetHints":{"allow":["GET"]}}],"collection":[{"href":"https:\/\/beneficencialambayeque.com\/index.php\/wp-json\/wp\/v2\/pages"}],"about":[{"href":"https:\/\/beneficencialambayeque.com\/index.php\/wp-json\/wp\/v2\/types\/page"}],"author":[{"embeddable":true,"href":"https:\/\/beneficencialambayeque.com\/index.php\/wp-json\/wp\/v2\/users\/1"}],"replies":[{"embeddable":true,"href":"https:\/\/beneficencialambayeque.com\/index.php\/wp-json\/wp\/v2\/comments?post=2687"}],"version-history":[{"count":34,"href":"https:\/\/beneficencialambayeque.com\/index.php\/wp-json\/wp\/v2\/pages\/2687\/revisions"}],"predecessor-version":[{"id":4544,"href":"https:\/\/beneficencialambayeque.com\/index.php\/wp-json\/wp\/v2\/pages\/2687\/revisions\/4544"}],"wp:featuredmedia":[{"embeddable":true,"href":"https:\/\/beneficencialambayeque.com\/index.php\/wp-json\/wp\/v2\/media\/2307"}],"wp:attachment":[{"href":"https:\/\/beneficencialambayeque.com\/index.php\/wp-json\/wp\/v2\/media?parent=2687"}],"curies":[{"name":"wp","href":"https:\/\/api.w.org\/{rel}","templated":true}]}}