{"id":2114,"date":"2018-02-23T12:15:55","date_gmt":"2018-02-23T12:15:55","guid":{"rendered":"http:\/\/beneficencialambayeque.com\/contact-us\/"},"modified":"2022-06-22T22:57:40","modified_gmt":"2022-06-22T22:57:40","slug":"contacto","status":"publish","type":"page","link":"https:\/\/beneficencialambayeque.com\/index.php\/contacto\/","title":{"rendered":"Contacto"},"content":{"rendered":"\t\t<div data-elementor-type=\"wp-post\" data-elementor-id=\"2114\" class=\"elementor elementor-2114\">\n\t\t\t\t\t\t<section class=\"elementor-section elementor-top-section elementor-element elementor-element-ef418b4 elementor-section-content-middle elementor-section-boxed elementor-section-height-default elementor-section-height-default\" data-id=\"ef418b4\" data-element_type=\"section\" data-settings=\"{&quot;background_background&quot;:&quot;classic&quot;}\">\n\t\t\t\t\t\t\t<div class=\"elementor-background-overlay\"><\/div>\n\t\t\t\t\t\t\t<div class=\"elementor-container elementor-column-gap-wide\">\n\t\t\t\t\t<div class=\"elementor-column elementor-col-100 elementor-top-column elementor-element elementor-element-2556a46\" data-id=\"2556a46\" data-element_type=\"column\">\n\t\t\t<div class=\"elementor-widget-wrap elementor-element-populated\">\n\t\t\t\t\t\t<div class=\"elementor-element elementor-element-253c4531 elementor-widget elementor-widget-heading\" data-id=\"253c4531\" data-element_type=\"widget\" data-widget_type=\"heading.default\">\n\t\t\t\t<div class=\"elementor-widget-container\">\n\t\t\t\t\t<h1 class=\"elementor-heading-title elementor-size-default\">Reclamos y Sugerencias<\/h1>\t\t\t\t<\/div>\n\t\t\t\t<\/div>\n\t\t\t\t\t<\/div>\n\t\t<\/div>\n\t\t\t\t\t<\/div>\n\t\t<\/section>\n\t\t\t\t<section class=\"elementor-section elementor-top-section elementor-element elementor-element-52e759c elementor-section-boxed elementor-section-height-default elementor-section-height-default\" data-id=\"52e759c\" data-element_type=\"section\">\n\t\t\t\t\t\t<div class=\"elementor-container elementor-column-gap-default\">\n\t\t\t\t\t<div class=\"elementor-column elementor-col-100 elementor-top-column elementor-element elementor-element-9529db5\" data-id=\"9529db5\" data-element_type=\"column\">\n\t\t\t<div class=\"elementor-widget-wrap elementor-element-populated\">\n\t\t\t\t\t\t<div class=\"elementor-element elementor-element-f90f229 elementor-widget elementor-widget-heading\" data-id=\"f90f229\" data-element_type=\"widget\" data-widget_type=\"heading.default\">\n\t\t\t\t<div class=\"elementor-widget-container\">\n\t\t\t\t\t<h2 class=\"elementor-heading-title elementor-size-default\">Comun\u00edcate con nosotros<\/h2>\t\t\t\t<\/div>\n\t\t\t\t<\/div>\n\t\t\t\t<div class=\"elementor-element elementor-element-2a0d6cc elementor-widget-divider--view-line elementor-widget elementor-widget-divider\" data-id=\"2a0d6cc\" data-element_type=\"widget\" data-widget_type=\"divider.default\">\n\t\t\t\t<div class=\"elementor-widget-container\">\n\t\t\t\t\t\t\t<div class=\"elementor-divider\">\n\t\t\t<span class=\"elementor-divider-separator\">\n\t\t\t\t\t\t<\/span>\n\t\t<\/div>\n\t\t\t\t\t\t<\/div>\n\t\t\t\t<\/div>\n\t\t\t\t\t<\/div>\n\t\t<\/div>\n\t\t\t\t\t<\/div>\n\t\t<\/section>\n\t\t\t\t<section class=\"elementor-section elementor-top-section elementor-element elementor-element-cd1p14p elementor-section-content-middle elementor-section-boxed elementor-section-height-default elementor-section-height-default\" data-id=\"cd1p14p\" data-element_type=\"section\" data-settings=\"{&quot;background_background&quot;:&quot;classic&quot;}\">\n\t\t\t\t\t\t<div class=\"elementor-container elementor-column-gap-no\">\n\t\t\t\t\t<div class=\"elementor-column elementor-col-50 elementor-top-column elementor-element elementor-element-3a05aee\" data-id=\"3a05aee\" data-element_type=\"column\">\n\t\t\t<div class=\"elementor-widget-wrap\">\n\t\t\t\t\t\t\t<\/div>\n\t\t<\/div>\n\t\t\t\t<div class=\"elementor-column elementor-col-50 elementor-top-column elementor-element elementor-element-861d56f\" data-id=\"861d56f\" data-element_type=\"column\">\n\t\t\t<div class=\"elementor-widget-wrap elementor-element-populated\">\n\t\t\t\t\t\t<section class=\"elementor-section elementor-inner-section elementor-element elementor-element-ec811e5 elementor-section-boxed elementor-section-height-default elementor-section-height-default\" data-id=\"ec811e5\" data-element_type=\"section\">\n\t\t\t\t\t\t<div class=\"elementor-container elementor-column-gap-default\">\n\t\t\t\t\t<div class=\"elementor-column elementor-col-100 elementor-inner-column elementor-element elementor-element-ec7a5a2\" data-id=\"ec7a5a2\" data-element_type=\"column\">\n\t\t\t<div class=\"elementor-widget-wrap elementor-element-populated\">\n\t\t\t\t\t\t<div class=\"elementor-element elementor-element-75e0384 elementor-view-default elementor-widget elementor-widget-icon\" data-id=\"75e0384\" data-element_type=\"widget\" data-widget_type=\"icon.default\">\n\t\t\t\t<div class=\"elementor-widget-container\">\n\t\t\t\t\t\t\t<div class=\"elementor-icon-wrapper\">\n\t\t\t<div class=\"elementor-icon\">\n\t\t\t<i aria-hidden=\"true\" class=\"fas fa-phone\"><\/i>\t\t\t<\/div>\n\t\t<\/div>\n\t\t\t\t\t\t<\/div>\n\t\t\t\t<\/div>\n\t\t\t\t<div class=\"elementor-element elementor-element-148f36f elementor-widget elementor-widget-heading\" data-id=\"148f36f\" data-element_type=\"widget\" data-widget_type=\"heading.default\">\n\t\t\t\t<div class=\"elementor-widget-container\">\n\t\t\t\t\t<h4 class=\"elementor-heading-title elementor-size-default\">(074) 281137 \u2013 Anexo 11<\/h4>\t\t\t\t<\/div>\n\t\t\t\t<\/div>\n\t\t\t\t\t<\/div>\n\t\t<\/div>\n\t\t\t\t\t<\/div>\n\t\t<\/section>\n\t\t\t\t<section class=\"elementor-section elementor-inner-section elementor-element elementor-element-9376b11 elementor-section-boxed elementor-section-height-default elementor-section-height-default\" data-id=\"9376b11\" data-element_type=\"section\">\n\t\t\t\t\t\t<div class=\"elementor-container elementor-column-gap-default\">\n\t\t\t\t\t<div class=\"elementor-column elementor-col-100 elementor-inner-column elementor-element elementor-element-5c58b92\" data-id=\"5c58b92\" data-element_type=\"column\">\n\t\t\t<div class=\"elementor-widget-wrap elementor-element-populated\">\n\t\t\t\t\t\t<div class=\"elementor-element elementor-element-5c54d52 elementor-view-default elementor-widget elementor-widget-icon\" data-id=\"5c54d52\" data-element_type=\"widget\" data-widget_type=\"icon.default\">\n\t\t\t\t<div class=\"elementor-widget-container\">\n\t\t\t\t\t\t\t<div class=\"elementor-icon-wrapper\">\n\t\t\t<div class=\"elementor-icon\">\n\t\t\t<i aria-hidden=\"true\" class=\"far fa-envelope\"><\/i>\t\t\t<\/div>\n\t\t<\/div>\n\t\t\t\t\t\t<\/div>\n\t\t\t\t<\/div>\n\t\t\t\t<div class=\"elementor-element elementor-element-3f8a487 elementor-widget elementor-widget-heading\" data-id=\"3f8a487\" data-element_type=\"widget\" data-widget_type=\"heading.default\">\n\t\t\t\t<div class=\"elementor-widget-container\">\n\t\t\t\t\t<h4 class=\"elementor-heading-title elementor-size-default\">informes@beneficencialambayeque.com<\/h4>\t\t\t\t<\/div>\n\t\t\t\t<\/div>\n\t\t\t\t\t<\/div>\n\t\t<\/div>\n\t\t\t\t\t<\/div>\n\t\t<\/section>\n\t\t\t\t<section class=\"elementor-section elementor-inner-section elementor-element elementor-element-5a48a45 elementor-section-boxed elementor-section-height-default elementor-section-height-default\" data-id=\"5a48a45\" data-element_type=\"section\">\n\t\t\t\t\t\t<div class=\"elementor-container elementor-column-gap-default\">\n\t\t\t\t\t<div class=\"elementor-column elementor-col-100 elementor-inner-column elementor-element elementor-element-f0b42f3\" data-id=\"f0b42f3\" data-element_type=\"column\">\n\t\t\t<div class=\"elementor-widget-wrap elementor-element-populated\">\n\t\t\t\t\t\t<div class=\"elementor-element elementor-element-c75580d elementor-view-default elementor-widget elementor-widget-icon\" data-id=\"c75580d\" data-element_type=\"widget\" data-widget_type=\"icon.default\">\n\t\t\t\t<div class=\"elementor-widget-container\">\n\t\t\t\t\t\t\t<div class=\"elementor-icon-wrapper\">\n\t\t\t<div class=\"elementor-icon\">\n\t\t\t<i aria-hidden=\"true\" class=\"fas fa-map-marker-alt\"><\/i>\t\t\t<\/div>\n\t\t<\/div>\n\t\t\t\t\t\t<\/div>\n\t\t\t\t<\/div>\n\t\t\t\t<div class=\"elementor-element elementor-element-65a14ea elementor-widget elementor-widget-heading\" data-id=\"65a14ea\" data-element_type=\"widget\" data-widget_type=\"heading.default\">\n\t\t\t\t<div class=\"elementor-widget-container\">\n\t\t\t\t\t<h4 class=\"elementor-heading-title elementor-size-default\">Calle Atahualpa N\u00b0 320 \u2013 Lambayeque<\/h4>\t\t\t\t<\/div>\n\t\t\t\t<\/div>\n\t\t\t\t<div class=\"elementor-element elementor-element-1184851 elementor-shape-circle e-grid-align-left e-grid-align-mobile-center elementor-grid-0 elementor-widget elementor-widget-social-icons\" data-id=\"1184851\" data-element_type=\"widget\" data-widget_type=\"social-icons.default\">\n\t\t\t\t<div class=\"elementor-widget-container\">\n\t\t\t\t\t\t\t<div class=\"elementor-social-icons-wrapper elementor-grid\" role=\"list\">\n\t\t\t\t\t\t\t<span class=\"elementor-grid-item\" role=\"listitem\">\n\t\t\t\t\t<a class=\"elementor-icon elementor-social-icon elementor-social-icon-whatsapp elementor-repeater-item-dbc17ae\" href=\"https:\/\/wa.link\/ukbf2r\" target=\"_blank\">\n\t\t\t\t\t\t<span class=\"elementor-screen-only\">Whatsapp<\/span>\n\t\t\t\t\t\t<i aria-hidden=\"true\" class=\"fab fa-whatsapp\"><\/i>\t\t\t\t\t<\/a>\n\t\t\t\t<\/span>\n\t\t\t\t\t\t\t<span class=\"elementor-grid-item\" role=\"listitem\">\n\t\t\t\t\t<a class=\"elementor-icon elementor-social-icon elementor-social-icon-facebook elementor-repeater-item-8183441\" href=\"https:\/\/www.facebook.com\/BeneficenciaLambayeque\/?ref=pages_you_manage\" target=\"_blank\">\n\t\t\t\t\t\t<span class=\"elementor-screen-only\">Facebook<\/span>\n\t\t\t\t\t\t<i aria-hidden=\"true\" class=\"fab fa-facebook\"><\/i>\t\t\t\t\t<\/a>\n\t\t\t\t<\/span>\n\t\t\t\t\t\t\t<span class=\"elementor-grid-item\" role=\"listitem\">\n\t\t\t\t\t<a class=\"elementor-icon elementor-social-icon elementor-social-icon-instagram elementor-repeater-item-1002102\" href=\"https:\/\/www.instagram.com\/beneficencialambayeque\/\" target=\"_blank\">\n\t\t\t\t\t\t<span class=\"elementor-screen-only\">Instagram<\/span>\n\t\t\t\t\t\t<i aria-hidden=\"true\" class=\"fab fa-instagram\"><\/i>\t\t\t\t\t<\/a>\n\t\t\t\t<\/span>\n\t\t\t\t\t<\/div>\n\t\t\t\t\t\t<\/div>\n\t\t\t\t<\/div>\n\t\t\t\t\t<\/div>\n\t\t<\/div>\n\t\t\t\t\t<\/div>\n\t\t<\/section>\n\t\t\t\t\t<\/div>\n\t\t<\/div>\n\t\t\t\t\t<\/div>\n\t\t<\/section>\n\t\t\t\t<section class=\"elementor-section elementor-top-section elementor-element elementor-element-enzw61n elementor-section-full_width elementor-section-height-default elementor-section-height-default\" data-id=\"enzw61n\" data-element_type=\"section\">\n\t\t\t\t\t\t<div class=\"elementor-container elementor-column-gap-no\">\n\t\t\t\t\t<div class=\"elementor-column elementor-col-100 elementor-top-column elementor-element elementor-element-9f7917c\" data-id=\"9f7917c\" data-element_type=\"column\">\n\t\t\t<div class=\"elementor-widget-wrap elementor-element-populated\">\n\t\t\t\t\t\t<div class=\"elementor-element elementor-element-24e8854 elementor-widget elementor-widget-google_maps\" data-id=\"24e8854\" data-element_type=\"widget\" data-widget_type=\"google_maps.default\">\n\t\t\t\t<div class=\"elementor-widget-container\">\n\t\t\t\t\t\t\t<div class=\"elementor-custom-embed\">\n\t\t\t<iframe loading=\"lazy\"\n\t\t\t\t\tsrc=\"https:\/\/maps.google.com\/maps?q=Calle%20Atahualpa%20N%C2%B0%20320%20%E2%80%93%20Lambayeque&#038;t=m&#038;z=16&#038;output=embed&#038;iwloc=near\"\n\t\t\t\t\ttitle=\"Calle Atahualpa N\u00b0 320 \u2013 Lambayeque\"\n\t\t\t\t\taria-label=\"Calle Atahualpa N\u00b0 320 \u2013 Lambayeque\"\n\t\t\t><\/iframe>\n\t\t<\/div>\n\t\t\t\t\t\t<\/div>\n\t\t\t\t<\/div>\n\t\t\t\t\t<\/div>\n\t\t<\/div>\n\t\t\t\t\t<\/div>\n\t\t<\/section>\n\t\t\t\t<\/div>\n\t\t","protected":false},"excerpt":{"rendered":"<p>Reclamos y Sugerencias Comun\u00edcate con nosotros [wpforms id=\u00bb8&#8243; title=\u00bbfalse\u00bb description=\u00bbfalse\u00bb] (074) 281137 \u2013 Anexo 11 informes@beneficencialambayeque.com Calle Atahualpa N\u00b0 320 \u2013 Lambayeque Whatsapp Facebook Instagram<\/p>\n","protected":false},"author":1,"featured_media":3379,"parent":0,"menu_order":0,"comment_status":"closed","ping_status":"closed","template":"","meta":{"site-sidebar-layout":"no-sidebar","site-content-layout":"page-builder","ast-site-content-layout":"default","site-content-style":"default","site-sidebar-style":"default","ast-global-header-display":"","ast-banner-title-visibility":"","ast-main-header-display":"","ast-hfb-above-header-display":"","ast-hfb-below-header-display":"","ast-hfb-mobile-header-display":"","site-post-title":"disabled","ast-breadcrumbs-content":"","ast-featured-img":"disabled","footer-sml-layout":"","theme-transparent-header-meta":"default","adv-header-id-meta":"","stick-header-meta":"","header-above-stick-meta":"","header-main-stick-meta":"","header-below-stick-meta":"","astra-migrate-meta-layouts":"default","ast-page-background-enabled":"default","ast-page-background-meta":{"desktop":{"background-color":"","background-image":"","background-repeat":"repeat","background-position":"center center","background-size":"auto","background-attachment":"scroll","background-type":"","background-media":"","overlay-type":"","overlay-color":"","overlay-opacity":"","overlay-gradient":""},"tablet":{"background-color":"","background-image":"","background-repeat":"repeat","background-position":"center center","background-size":"auto","background-attachment":"scroll","background-type":"","background-media":"","overlay-type":"","overlay-color":"","overlay-opacity":"","overlay-gradient":""},"mobile":{"background-color":"","background-image":"","background-repeat":"repeat","background-position":"center center","background-size":"auto","background-attachment":"scroll","background-type":"","background-media":"","overlay-type":"","overlay-color":"","overlay-opacity":"","overlay-gradient":""}},"ast-content-background-meta":{"desktop":{"background-color":"var(--ast-global-color-5)","background-image":"","background-repeat":"repeat","background-position":"center center","background-size":"auto","background-attachment":"scroll","background-type":"","background-media":"","overlay-type":"","overlay-color":"","overlay-opacity":"","overlay-gradient":""},"tablet":{"background-color":"var(--ast-global-color-5)","background-image":"","background-repeat":"repeat","background-position":"center center","background-size":"auto","background-attachment":"scroll","background-type":"","background-media":"","overlay-type":"","overlay-color":"","overlay-opacity":"","overlay-gradient":""},"mobile":{"background-color":"var(--ast-global-color-5)","background-image":"","background-repeat":"repeat","background-position":"center center","background-size":"auto","background-attachment":"scroll","background-type":"","background-media":"","overlay-type":"","overlay-color":"","overlay-opacity":"","overlay-gradient":""}},"footnotes":""},"class_list":["post-2114","page","type-page","status-publish","has-post-thumbnail","hentry"],"yoast_head":"<!-- This site is optimized with the Yoast SEO plugin v26.0 - https:\/\/yoast.com\/wordpress\/plugins\/seo\/ -->\n<title>Contacto - Sociedad de Beneficencia de Lambayeque<\/title>\n<meta name=\"description\" content=\"Contacto. Para m\u00e1s informaci\u00f3n ll\u00e1manos al (074) 281137 \u2013 Anexo 11 o vis\u00edtanos en la Calle Atahualpa N\u00b0 320 \u2013 Lambayeque.\" \/>\n<meta name=\"robots\" content=\"index, follow, max-snippet:-1, max-image-preview:large, max-video-preview:-1\" \/>\n<link rel=\"canonical\" href=\"https:\/\/beneficencialambayeque.com\/index.php\/contacto\/\" \/>\n<meta property=\"og:locale\" content=\"es_ES\" \/>\n<meta property=\"og:type\" content=\"article\" \/>\n<meta property=\"og:title\" content=\"Contacto - Sociedad de Beneficencia de Lambayeque\" \/>\n<meta property=\"og:description\" content=\"Contacto. Para m\u00e1s informaci\u00f3n ll\u00e1manos al (074) 281137 \u2013 Anexo 11 o vis\u00edtanos en la Calle Atahualpa N\u00b0 320 \u2013 Lambayeque.\" \/>\n<meta property=\"og:url\" content=\"https:\/\/beneficencialambayeque.com\/index.php\/contacto\/\" \/>\n<meta property=\"og:site_name\" content=\"Sociedad de Beneficencia de Lambayeque\" \/>\n<meta property=\"article:publisher\" content=\"https:\/\/www.facebook.com\/BeneficenciaLambayeque\/?ref=pages_you_manage\" \/>\n<meta property=\"article:modified_time\" content=\"2022-06-22T22:57:40+00:00\" \/>\n<meta property=\"og:image\" content=\"https:\/\/beneficencialambayeque.com\/wp-content\/uploads\/2021\/09\/Contacto-Beneficencia-de-Lambayeque.jpg\" \/>\n\t<meta property=\"og:image:width\" content=\"1024\" \/>\n\t<meta property=\"og:image:height\" content=\"683\" \/>\n\t<meta property=\"og:image:type\" content=\"image\/jpeg\" \/>\n<meta name=\"twitter:card\" content=\"summary_large_image\" \/>\n<meta name=\"twitter:label1\" content=\"Tiempo de lectura\" \/>\n\t<meta name=\"twitter:data1\" content=\"1 minuto\" \/>\n<script type=\"application\/ld+json\" class=\"yoast-schema-graph\">{\"@context\":\"https:\/\/schema.org\",\"@graph\":[{\"@type\":\"WebPage\",\"@id\":\"https:\/\/beneficencialambayeque.com\/index.php\/contacto\/\",\"url\":\"https:\/\/beneficencialambayeque.com\/index.php\/contacto\/\",\"name\":\"Contacto - Sociedad de Beneficencia de Lambayeque\",\"isPartOf\":{\"@id\":\"https:\/\/beneficencialambayeque.com\/#website\"},\"primaryImageOfPage\":{\"@id\":\"https:\/\/beneficencialambayeque.com\/index.php\/contacto\/#primaryimage\"},\"image\":{\"@id\":\"https:\/\/beneficencialambayeque.com\/index.php\/contacto\/#primaryimage\"},\"thumbnailUrl\":\"https:\/\/beneficencialambayeque.com\/wp-content\/uploads\/2021\/09\/Contacto-Beneficencia-de-Lambayeque.jpg\",\"datePublished\":\"2018-02-23T12:15:55+00:00\",\"dateModified\":\"2022-06-22T22:57:40+00:00\",\"description\":\"Contacto. Para m\u00e1s informaci\u00f3n ll\u00e1manos al (074) 281137 \u2013 Anexo 11 o vis\u00edtanos en la Calle Atahualpa N\u00b0 320 \u2013 Lambayeque.\",\"breadcrumb\":{\"@id\":\"https:\/\/beneficencialambayeque.com\/index.php\/contacto\/#breadcrumb\"},\"inLanguage\":\"es\",\"potentialAction\":[{\"@type\":\"ReadAction\",\"target\":[\"https:\/\/beneficencialambayeque.com\/index.php\/contacto\/\"]}]},{\"@type\":\"ImageObject\",\"inLanguage\":\"es\",\"@id\":\"https:\/\/beneficencialambayeque.com\/index.php\/contacto\/#primaryimage\",\"url\":\"https:\/\/beneficencialambayeque.com\/wp-content\/uploads\/2021\/09\/Contacto-Beneficencia-de-Lambayeque.jpg\",\"contentUrl\":\"https:\/\/beneficencialambayeque.com\/wp-content\/uploads\/2021\/09\/Contacto-Beneficencia-de-Lambayeque.jpg\",\"width\":1024,\"height\":683,\"caption\":\"contacto beneficencia\"},{\"@type\":\"BreadcrumbList\",\"@id\":\"https:\/\/beneficencialambayeque.com\/index.php\/contacto\/#breadcrumb\",\"itemListElement\":[{\"@type\":\"ListItem\",\"position\":1,\"name\":\"Portada\",\"item\":\"https:\/\/beneficencialambayeque.com\/\"},{\"@type\":\"ListItem\",\"position\":2,\"name\":\"Contacto\"}]},{\"@type\":\"WebSite\",\"@id\":\"https:\/\/beneficencialambayeque.com\/#website\",\"url\":\"https:\/\/beneficencialambayeque.com\/\",\"name\":\"Sociedad de Beneficencia de Lambayeque\",\"description\":\"Somos una entidad del sector p\u00fablico descentralizado y aut\u00f3nomo que brinda asistencia social y ayuda a la poblaci\u00f3n en riesgo de la regi\u00f3n de Lambayeque.\",\"publisher\":{\"@id\":\"https:\/\/beneficencialambayeque.com\/#organization\"},\"potentialAction\":[{\"@type\":\"SearchAction\",\"target\":{\"@type\":\"EntryPoint\",\"urlTemplate\":\"https:\/\/beneficencialambayeque.com\/?s={search_term_string}\"},\"query-input\":{\"@type\":\"PropertyValueSpecification\",\"valueRequired\":true,\"valueName\":\"search_term_string\"}}],\"inLanguage\":\"es\"},{\"@type\":\"Organization\",\"@id\":\"https:\/\/beneficencialambayeque.com\/#organization\",\"name\":\"Sociedad de Beneficencia de Lambayeque\",\"url\":\"https:\/\/beneficencialambayeque.com\/\",\"logo\":{\"@type\":\"ImageObject\",\"inLanguage\":\"es\",\"@id\":\"https:\/\/beneficencialambayeque.com\/#\/schema\/logo\/image\/\",\"url\":\"https:\/\/beneficencialambayeque.com\/wp-content\/uploads\/2021\/09\/Logo-Beneficencia-de-Lambayeque.svg\",\"contentUrl\":\"https:\/\/beneficencialambayeque.com\/wp-content\/uploads\/2021\/09\/Logo-Beneficencia-de-Lambayeque.svg\",\"width\":1200,\"height\":350,\"caption\":\"Sociedad de Beneficencia de Lambayeque\"},\"image\":{\"@id\":\"https:\/\/beneficencialambayeque.com\/#\/schema\/logo\/image\/\"},\"sameAs\":[\"https:\/\/www.facebook.com\/BeneficenciaLambayeque\/?ref=pages_you_manage\",\"https:\/\/www.instagram.com\/beneficencialambayeque\/\"]}]}<\/script>\n<!-- \/ Yoast SEO plugin. -->","yoast_head_json":{"title":"Contacto - Sociedad de Beneficencia de Lambayeque","description":"Contacto. Para m\u00e1s informaci\u00f3n ll\u00e1manos al (074) 281137 \u2013 Anexo 11 o vis\u00edtanos en la Calle Atahualpa N\u00b0 320 \u2013 Lambayeque.","robots":{"index":"index","follow":"follow","max-snippet":"max-snippet:-1","max-image-preview":"max-image-preview:large","max-video-preview":"max-video-preview:-1"},"canonical":"https:\/\/beneficencialambayeque.com\/index.php\/contacto\/","og_locale":"es_ES","og_type":"article","og_title":"Contacto - Sociedad de Beneficencia de Lambayeque","og_description":"Contacto. Para m\u00e1s informaci\u00f3n ll\u00e1manos al (074) 281137 \u2013 Anexo 11 o vis\u00edtanos en la Calle Atahualpa N\u00b0 320 \u2013 Lambayeque.","og_url":"https:\/\/beneficencialambayeque.com\/index.php\/contacto\/","og_site_name":"Sociedad de Beneficencia de Lambayeque","article_publisher":"https:\/\/www.facebook.com\/BeneficenciaLambayeque\/?ref=pages_you_manage","article_modified_time":"2022-06-22T22:57:40+00:00","og_image":[{"width":1024,"height":683,"url":"https:\/\/beneficencialambayeque.com\/wp-content\/uploads\/2021\/09\/Contacto-Beneficencia-de-Lambayeque.jpg","type":"image\/jpeg"}],"twitter_card":"summary_large_image","twitter_misc":{"Tiempo de lectura":"1 minuto"},"schema":{"@context":"https:\/\/schema.org","@graph":[{"@type":"WebPage","@id":"https:\/\/beneficencialambayeque.com\/index.php\/contacto\/","url":"https:\/\/beneficencialambayeque.com\/index.php\/contacto\/","name":"Contacto - Sociedad de Beneficencia de Lambayeque","isPartOf":{"@id":"https:\/\/beneficencialambayeque.com\/#website"},"primaryImageOfPage":{"@id":"https:\/\/beneficencialambayeque.com\/index.php\/contacto\/#primaryimage"},"image":{"@id":"https:\/\/beneficencialambayeque.com\/index.php\/contacto\/#primaryimage"},"thumbnailUrl":"https:\/\/beneficencialambayeque.com\/wp-content\/uploads\/2021\/09\/Contacto-Beneficencia-de-Lambayeque.jpg","datePublished":"2018-02-23T12:15:55+00:00","dateModified":"2022-06-22T22:57:40+00:00","description":"Contacto. Para m\u00e1s informaci\u00f3n ll\u00e1manos al (074) 281137 \u2013 Anexo 11 o vis\u00edtanos en la Calle Atahualpa N\u00b0 320 \u2013 Lambayeque.","breadcrumb":{"@id":"https:\/\/beneficencialambayeque.com\/index.php\/contacto\/#breadcrumb"},"inLanguage":"es","potentialAction":[{"@type":"ReadAction","target":["https:\/\/beneficencialambayeque.com\/index.php\/contacto\/"]}]},{"@type":"ImageObject","inLanguage":"es","@id":"https:\/\/beneficencialambayeque.com\/index.php\/contacto\/#primaryimage","url":"https:\/\/beneficencialambayeque.com\/wp-content\/uploads\/2021\/09\/Contacto-Beneficencia-de-Lambayeque.jpg","contentUrl":"https:\/\/beneficencialambayeque.com\/wp-content\/uploads\/2021\/09\/Contacto-Beneficencia-de-Lambayeque.jpg","width":1024,"height":683,"caption":"contacto beneficencia"},{"@type":"BreadcrumbList","@id":"https:\/\/beneficencialambayeque.com\/index.php\/contacto\/#breadcrumb","itemListElement":[{"@type":"ListItem","position":1,"name":"Portada","item":"https:\/\/beneficencialambayeque.com\/"},{"@type":"ListItem","position":2,"name":"Contacto"}]},{"@type":"WebSite","@id":"https:\/\/beneficencialambayeque.com\/#website","url":"https:\/\/beneficencialambayeque.com\/","name":"Sociedad de Beneficencia de Lambayeque","description":"Somos una entidad del sector p\u00fablico descentralizado y aut\u00f3nomo que brinda asistencia social y ayuda a la poblaci\u00f3n en riesgo de la regi\u00f3n de Lambayeque.","publisher":{"@id":"https:\/\/beneficencialambayeque.com\/#organization"},"potentialAction":[{"@type":"SearchAction","target":{"@type":"EntryPoint","urlTemplate":"https:\/\/beneficencialambayeque.com\/?s={search_term_string}"},"query-input":{"@type":"PropertyValueSpecification","valueRequired":true,"valueName":"search_term_string"}}],"inLanguage":"es"},{"@type":"Organization","@id":"https:\/\/beneficencialambayeque.com\/#organization","name":"Sociedad de Beneficencia de Lambayeque","url":"https:\/\/beneficencialambayeque.com\/","logo":{"@type":"ImageObject","inLanguage":"es","@id":"https:\/\/beneficencialambayeque.com\/#\/schema\/logo\/image\/","url":"https:\/\/beneficencialambayeque.com\/wp-content\/uploads\/2021\/09\/Logo-Beneficencia-de-Lambayeque.svg","contentUrl":"https:\/\/beneficencialambayeque.com\/wp-content\/uploads\/2021\/09\/Logo-Beneficencia-de-Lambayeque.svg","width":1200,"height":350,"caption":"Sociedad de Beneficencia de Lambayeque"},"image":{"@id":"https:\/\/beneficencialambayeque.com\/#\/schema\/logo\/image\/"},"sameAs":["https:\/\/www.facebook.com\/BeneficenciaLambayeque\/?ref=pages_you_manage","https:\/\/www.instagram.com\/beneficencialambayeque\/"]}]}},"_links":{"self":[{"href":"https:\/\/beneficencialambayeque.com\/index.php\/wp-json\/wp\/v2\/pages\/2114","targetHints":{"allow":["GET"]}}],"collection":[{"href":"https:\/\/beneficencialambayeque.com\/index.php\/wp-json\/wp\/v2\/pages"}],"about":[{"href":"https:\/\/beneficencialambayeque.com\/index.php\/wp-json\/wp\/v2\/types\/page"}],"author":[{"embeddable":true,"href":"https:\/\/beneficencialambayeque.com\/index.php\/wp-json\/wp\/v2\/users\/1"}],"replies":[{"embeddable":true,"href":"https:\/\/beneficencialambayeque.com\/index.php\/wp-json\/wp\/v2\/comments?post=2114"}],"version-history":[{"count":64,"href":"https:\/\/beneficencialambayeque.com\/index.php\/wp-json\/wp\/v2\/pages\/2114\/revisions"}],"predecessor-version":[{"id":29037,"href":"https:\/\/beneficencialambayeque.com\/index.php\/wp-json\/wp\/v2\/pages\/2114\/revisions\/29037"}],"wp:featuredmedia":[{"embeddable":true,"href":"https:\/\/beneficencialambayeque.com\/index.php\/wp-json\/wp\/v2\/media\/3379"}],"wp:attachment":[{"href":"https:\/\/beneficencialambayeque.com\/index.php\/wp-json\/wp\/v2\/media?parent=2114"}],"curies":[{"name":"wp","href":"https:\/\/api.w.org\/{rel}","templated":true}]}}